{"id":1187,"date":"2010-07-02T14:38:54","date_gmt":"2010-07-02T12:38:54","guid":{"rendered":"http:\/\/www.fkarta.cz\/?page_id=1187"},"modified":"2021-11-13T22:06:21","modified_gmt":"2021-11-13T21:06:21","slug":"napsali-o-nas","status":"publish","type":"page","link":"https:\/\/www.fkarta.cz\/?page_id=1187","title":{"rendered":"Napsali o n\u00e1s"},"content":{"rendered":"<ul>\n<li><a href=\"http:\/\/www.fkarta.cz\/?p=3689%20\">\u010casopis Puchej\u0159 11\/2021<\/a><br \/>\nRozhovor Tonyho s Mildou<\/li>\n<\/ul>\n<h3><\/h3>\n<ul>\n<li><a href=\"http:\/\/www.fkarta.cz\/?p=3692\">\u010casopis Puchej\u0159 4\/2020<\/a><br \/>\nReport\u00e1\u017e z 25. potlachu T. O. Fale\u0161n\u00e1 karta od Velk\u00e9ho V\u00e1clava<\/li>\n<\/ul>\n<h3><\/h3>\n<ul>\n<li><a href=\"http:\/\/www.fkarta.cz\/?p=3699\">\u010casopis Puchej\u0159 2\/2013<\/a><br \/>\n&#8222;Trampsk\u00e1 muzika je n\u00e1\u0161 \u017eivot&#8220;<br \/>\nRzhovor Belmonda s Mildou<\/li>\n<\/ul>\n<h3><\/h3>\n<ul>\n<li><a title=\"Z let\u00e1ku na Slunovratu 2004\" href=\"http:\/\/www.fkarta.cz\/?p=1650\">Fale\u0161n\u00e1 karta na Slunovratu 2004<br \/>\n<\/a>P\u0159edstaven\u00ed Fale\u0161n\u00e9 karty v informa\u010dn\u00edm buletinu na festivalu Slunovrat 2004<\/li>\n<\/ul>\n<h3><\/h3>\n<ul>\n<li><a title=\"Aby n\u00e1m  nezdra\u017eili struny, rum, kokos a vep\u0159ov\u00fd\u2026\" href=\"http:\/\/www.fkarta.cz\/?p=1636\">\u010casopis Folk a Country, \u010derven 2004<\/a><br \/>\n&#8222;Aby n\u00e1m nezdra\u017eili struny, rum, kokos a vep\u0159ov\u00fd&#8220;<br \/>\nRozhovor Belmonda s Fale\u0161nou kartou<\/li>\n<\/ul>\n<h3><\/h3>\n<ul>\n<li><a title=\"Fale\u0161n\u00e1 karta - Kamar\u00e1d\u016fm a nejen jim\" href=\"http:\/\/www.fkarta.cz\/?p=1856\">Folktime, 2003 <\/a><br \/>\n&#8222;Kamar\u00e1d\u016fm a nejen jim&#8220; &#8211; Recenze CD &#8222;Kamar\u00e1d\u016fm&#8220; od D\u017eexny<\/li>\n<\/ul>\n<h3><\/h3>\n<ul>\n<li><a href=\"http:\/\/www.fkarta.cz\/?p=1991\" target=\"_self\">\u010casopis Folk a Country, 2002<\/a> <span style=\"font-family: Arial; font-size: x-small;\"><br \/>\n<\/span>&#8222;Pohledem \u010dty\u0159&#8220;<br \/>\nRozhovor se z\u00e1stupci kapel Magison, Tempo di vlak, L\u00edstek a Fale\u0161n\u00e1 karta (za Fale\u0161nou kartu Milda)<\/li>\n<\/ul>\n<p>&nbsp;<\/p>\n","protected":false},"excerpt":{"rendered":"<p>\u010casopis Puchej\u0159 11\/2021 Rozhovor Tonyho s Mildou \u010casopis Puchej\u0159 4\/2020 Report\u00e1\u017e z 25. potlachu T. O. Fale\u0161n\u00e1 karta od Velk\u00e9ho V\u00e1clava \u010casopis Puchej\u0159 2\/2013 &#8222;Trampsk\u00e1 muzika je n\u00e1\u0161 \u017eivot&#8220; Rzhovor Belmonda s Mildou Fale\u0161n\u00e1 karta na Slunovratu 2004 P\u0159edstaven\u00ed Fale\u0161n\u00e9 karty v informa\u010dn\u00edm buletinu na festivalu Slunovrat 2004 \u010casopis Folk a Country, \u010derven 2004 &#8222;Aby [&hellip;]<\/p>\n","protected":false},"author":5,"featured_media":0,"parent":1174,"menu_order":30,"comment_status":"closed","ping_status":"closed","template":"","meta":{"ngg_post_thumbnail":0,"footnotes":""},"class_list":["post-1187","page","type-page","status-publish","hentry"],"_links":{"self":[{"href":"https:\/\/www.fkarta.cz\/index.php?rest_route=\/wp\/v2\/pages\/1187","targetHints":{"allow":["GET"]}}],"collection":[{"href":"https:\/\/www.fkarta.cz\/index.php?rest_route=\/wp\/v2\/pages"}],"about":[{"href":"https:\/\/www.fkarta.cz\/index.php?rest_route=\/wp\/v2\/types\/page"}],"author":[{"embeddable":true,"href":"https:\/\/www.fkarta.cz\/index.php?rest_route=\/wp\/v2\/users\/5"}],"replies":[{"embeddable":true,"href":"https:\/\/www.fkarta.cz\/index.php?rest_route=%2Fwp%2Fv2%2Fcomments&post=1187"}],"version-history":[{"count":33,"href":"https:\/\/www.fkarta.cz\/index.php?rest_route=\/wp\/v2\/pages\/1187\/revisions"}],"predecessor-version":[{"id":3702,"href":"https:\/\/www.fkarta.cz\/index.php?rest_route=\/wp\/v2\/pages\/1187\/revisions\/3702"}],"up":[{"embeddable":true,"href":"https:\/\/www.fkarta.cz\/index.php?rest_route=\/wp\/v2\/pages\/1174"}],"wp:attachment":[{"href":"https:\/\/www.fkarta.cz\/index.php?rest_route=%2Fwp%2Fv2%2Fmedia&parent=1187"}],"curies":[{"name":"wp","href":"https:\/\/api.w.org\/{rel}","templated":true}]}}