{"id":1385,"date":"2010-07-12T22:37:58","date_gmt":"2010-07-12T20:37:58","guid":{"rendered":"http:\/\/www.fkarta.cz\/?page_id=1385"},"modified":"2010-07-18T20:54:02","modified_gmt":"2010-07-18T18:54:02","slug":"osadni-flek","status":"publish","type":"page","link":"https:\/\/www.fkarta.cz\/?page_id=1385","title":{"rendered":"Osadn\u00ed flek"},"content":{"rendered":"<p style=\"text-align: justify;\">Osadn\u00ed flek T.O. Fale\u0161n\u00e1 karta\u00a0se nach\u00e1z\u00ed v b\u00fdval\u00e9m lomu\u00a0&#8222;<a href=\"http:\/\/www.rozna.cz\/vismo\/dokumenty2.asp?id_org=14289&amp;id=11351&amp;p1=316\" target=\"_blank\">Hradisko<\/a>&#8220; nedaleko vesnice Ro\u017en\u00e1. V lomu je n\u011bkolik podzemn\u00edch \u0161tol, z nich\u017e ta nejv\u011bt\u0161\u00ed b\u00fdv\u00e1vala zakrat\u00e1 betonov\u00fdm panelem na kter\u00e9m je namalov\u00e1n n\u00e1\u0161 osadn\u00ed znak &#8211; fale\u0161n\u00e1 karta. V roce 2003 byla \u0161tola zasyp\u00e1na a panel p\u0159esunut opod\u00e1l.\u00a0Na Hradisko vod\u00edv\u00e1me kamar\u00e1dy kopcem zvan\u00fdm &#8222;St\u0159\u00edzliv\u00e1k&#8220;, a\u010dkoli tam vede daleko sch\u016fdn\u011bj\u0161\u00ed cesta.<\/p>\n<p style=\"text-align: center;\">ngg_shortcode_0_placeholder<\/p>\n<p style=\"text-align: center;\">Ohni\u0161t\u011b &#8211; foceno od baru sm\u011brem k jeskyni<\/p>\n<p style=\"text-align: center;\">ngg_shortcode_1_placeholder<\/p>\n<p style=\"text-align: center;\">Ohni\u0161t\u011b &#8211; foceno od jeskyn\u011b k baru<\/p>\n<p style=\"text-align: center;\">ngg_shortcode_2_placeholder<\/p>\n<p>\u00a0<\/p>\n<h2 style=\"text-align: center;\">Domovenka T.O. Fale\u0161n\u00e1 karta<\/h2>\n<p style=\"text-align: center;\">ngg_shortcode_3_placeholder<\/p>\n<p style=\"text-align: center;\">\u00a0<\/p>\n<h2 style=\"text-align: center;\">Vlajka T.O. Fale\u0161n\u00e1 karta<\/h2>\n<p style=\"text-align: center;\">ngg_shortcode_4_placeholder<\/p>\n","protected":false},"excerpt":{"rendered":"<p>Osadn\u00ed flek T.O. Fale\u0161n\u00e1 karta\u00a0se nach\u00e1z\u00ed v b\u00fdval\u00e9m lomu\u00a0&#8222;Hradisko&#8220; nedaleko vesnice Ro\u017en\u00e1. V lomu je n\u011bkolik podzemn\u00edch \u0161tol, z nich\u017e ta nejv\u011bt\u0161\u00ed b\u00fdv\u00e1vala zakrat\u00e1 betonov\u00fdm panelem na kter\u00e9m je namalov\u00e1n n\u00e1\u0161 osadn\u00ed znak &#8211; fale\u0161n\u00e1 karta. V roce 2003 byla \u0161tola zasyp\u00e1na a panel p\u0159esunut opod\u00e1l.\u00a0Na Hradisko vod\u00edv\u00e1me kamar\u00e1dy kopcem zvan\u00fdm &#8222;St\u0159\u00edzliv\u00e1k&#8220;, a\u010dkoli tam vede [&hellip;]<\/p>\n","protected":false},"author":5,"featured_media":0,"parent":951,"menu_order":30,"comment_status":"closed","ping_status":"closed","template":"","meta":{"ngg_post_thumbnail":0,"footnotes":""},"class_list":["post-1385","page","type-page","status-publish","hentry"],"_links":{"self":[{"href":"https:\/\/www.fkarta.cz\/index.php?rest_route=\/wp\/v2\/pages\/1385","targetHints":{"allow":["GET"]}}],"collection":[{"href":"https:\/\/www.fkarta.cz\/index.php?rest_route=\/wp\/v2\/pages"}],"about":[{"href":"https:\/\/www.fkarta.cz\/index.php?rest_route=\/wp\/v2\/types\/page"}],"author":[{"embeddable":true,"href":"https:\/\/www.fkarta.cz\/index.php?rest_route=\/wp\/v2\/users\/5"}],"replies":[{"embeddable":true,"href":"https:\/\/www.fkarta.cz\/index.php?rest_route=%2Fwp%2Fv2%2Fcomments&post=1385"}],"version-history":[{"count":6,"href":"https:\/\/www.fkarta.cz\/index.php?rest_route=\/wp\/v2\/pages\/1385\/revisions"}],"predecessor-version":[{"id":1903,"href":"https:\/\/www.fkarta.cz\/index.php?rest_route=\/wp\/v2\/pages\/1385\/revisions\/1903"}],"up":[{"embeddable":true,"href":"https:\/\/www.fkarta.cz\/index.php?rest_route=\/wp\/v2\/pages\/951"}],"wp:attachment":[{"href":"https:\/\/www.fkarta.cz\/index.php?rest_route=%2Fwp%2Fv2%2Fmedia&parent=1385"}],"curies":[{"name":"wp","href":"https:\/\/api.w.org\/{rel}","templated":true}]}}