{"id":93,"date":"2010-04-04T23:28:55","date_gmt":"2010-04-04T21:28:55","guid":{"rendered":"http:\/\/www.fkarta.cz\/?page_id=93"},"modified":"2022-01-09T22:41:58","modified_gmt":"2022-01-09T21:41:58","slug":"kronika","status":"publish","type":"page","link":"https:\/\/www.fkarta.cz\/?page_id=93","title":{"rendered":"Kronika"},"content":{"rendered":"<table>\n<tbody>\n<tr>\n<td style=\"vertical-align: top; border-right: #ddd 1px solid;\"><strong>2021<\/strong><\/p>\n<ul>\n<li>Fale\u0161nej V\u00edr v Budislavi<\/li>\n<li><a href=\"http:\/\/www.fkarta.cz\/?p=3753\">Hudba z tramp\u00edria &#8211; Lucerna<\/a><\/li>\n<li><a href=\"http:\/\/www.fkarta.cz\/?p=3765\" target=\"_blank\">26. v\u00fdro\u010dn\u00ed ohe\u0148 T.O. Fale\u0161n\u00e1 karta<\/a><\/li>\n<li><a href=\"http:\/\/www.fkarta.cz\/?p=3790\">Koncert v Toulovcov\u00fdch ma\u0161tal\u00edch<\/a><\/li>\n<li><a href=\"http:\/\/www.fkarta.cz\/?p=3779\">Fale\u0161n\u00e1 voda 2021 &#8211; Oh\u0159e<\/a><\/li>\n<li><a href=\"http:\/\/www.fkarta.cz\/?p=3786\">Jarn\u00ed voda 2021 &#8211; S\u00e1zava<\/a><\/li>\n<\/ul>\n<p><strong>2020<\/strong><\/p>\n<ul>\n<li>Po\u010dertovsk\u00e9 muzic\u00edrov\u00e1n\u00ed<\/li>\n<li><a href=\"http:\/\/www.fkarta.cz\/?p=3805\">25. v\u00fdro\u010dn\u00ed ohe\u0148 T.O. Fale\u0161n\u00e1 karta<\/a><\/li>\n<li><a href=\"http:\/\/www.fkarta.cz\/?p=3825\">Fale\u0161n\u00e1 voda 2020 &#8211; S\u00e1zava<\/a><\/li>\n<li>Jarn\u00ed voda 2020 &#8211; Lu\u017enice<\/li>\n<li><a href=\"http:\/\/www.fkarta.cz\/?p=3828\">Fale\u0161n\u00fd ly\u017ee 2020<\/a><\/li>\n<\/ul>\n<p><strong>2019<\/strong><\/p>\n<ul>\n<li>18. V\u00edrsk\u00fd sumec a 25. Mikul\u00e1\u0161sk\u00fd trampsk\u00fd b\u00e1l<\/li>\n<li>24. v\u00fdro\u010dn\u00ed ohe\u0148 T.O. Fale\u0161n\u00e1 karta<\/li>\n<li>Fale\u0161n\u00e1 voda 2019 &#8211; S\u00e1zava<\/li>\n<li>Jarn\u00ed voda 2019 &#8211; Vltava<\/li>\n<li>Fale\u0161n\u00fd ly\u017ee 2019<\/li>\n<\/ul>\n<p><strong>2018<\/strong><\/p>\n<ul>\n<li>17. V\u00edrsk\u00fd sumec a 24. Mikul\u00e1\u0161sk\u00fd trampsk\u00fd b\u00e1l<\/li>\n<li>23. v\u00fdro\u010dn\u00ed ohe\u0148 T.O. Fale\u0161n\u00e1 karta<\/li>\n<li>Fale\u0161n\u00e1 voda 2018 &#8211; Lu\u017enice<\/li>\n<li>Jarn\u00ed voda 2018 &#8211; Otava<\/li>\n<li>Fale\u0161n\u00fd ly\u017ee 2018<\/li>\n<\/ul>\n<p><strong>2017<\/strong><\/p>\n<ul>\n<li>16. V\u00edrsk\u00fd sumec a 23. Mikul\u00e1\u0161sk\u00fd trampsk\u00fd b\u00e1l<\/li>\n<li>22. v\u00fdro\u010dn\u00ed ohe\u0148 T.O. Fale\u0161n\u00e1 karta<\/li>\n<li>Fale\u0161n\u00e1 voda 2017 &#8211; Berounka<\/li>\n<li>Jarn\u00ed voda 2017 &#8211; Vltava<\/li>\n<li>Fale\u0161n\u00fd ly\u017ee 2017<\/li>\n<\/ul>\n<p><strong>2016<\/strong><\/p>\n<ul>\n<li>15. V\u00edrsk\u00fd sumec a 22. Mikul\u00e1\u0161sk\u00fd trampsk\u00fd b\u00e1l<\/li>\n<li>21. v\u00fdro\u010dn\u00ed ohe\u0148 T.O. Fale\u0161n\u00e1 karta<\/li>\n<li>Fale\u0161n\u00e1 voda 2016 &#8211; S\u00e1zava<\/li>\n<li>Jarn\u00ed voda 2016 &#8211; Vltava<\/li>\n<li>Fale\u0161n\u00fd ly\u017ee 2016<\/li>\n<\/ul>\n<p><strong>2015<\/strong><\/p>\n<ul>\n<li>14. V\u00edrsk\u00fd sumec a 21. Mikul\u00e1\u0161sk\u00fd trampsk\u00fd b\u00e1l<\/li>\n<li>20. v\u00fdro\u010dn\u00ed ohe\u0148 T.O. Fale\u0161n\u00e1 karta<\/li>\n<li>Fale\u0161n\u00e1 voda 2015 &#8211; Oh\u0159e<\/li>\n<li>Jarn\u00ed voda 2015 &#8211; Jizera<\/li>\n<li>Fale\u0161n\u00fd ly\u017ee 2015<\/li>\n<\/ul>\n<p><strong>2014<\/strong><\/p>\n<ul>\n<li>13. V\u00edrsk\u00fd sumec a 20. Mikul\u00e1\u0161sk\u00fd trampsk\u00fd b\u00e1l<\/li>\n<li>19. v\u00fdro\u010dn\u00ed ohe\u0148 T.O. Fale\u0161n\u00e1 karta<\/li>\n<li>Fale\u0161n\u00e1 voda 2014\u00a0&#8211; Tich\u00e1 Orlice<\/li>\n<li>Jarn\u00ed voda 2014 &#8211; Vltava<\/li>\n<li>Fale\u0161n\u00fd ly\u017ee 2014<\/li>\n<\/ul>\n<p><strong>2013<\/strong><\/p>\n<ul>\n<li>12. V\u00edrsk\u00fd sumec a 19. Mikul\u00e1\u0161sk\u00fd trampsk\u00fd b\u00e1l<\/li>\n<li>18. v\u00fdro\u010dn\u00ed ohe\u0148 T.O. Fale\u0161n\u00e1 karta<\/li>\n<li><a href=\"http:\/\/www.fkarta.cz\/?p=3138\">Fale\u0161n\u00e1 voda 2013\u00a0&#8211; S\u00e1zava<\/a>\u00a0(!)<\/li>\n<li><a href=\"http:\/\/www.fkarta.cz\/?p=3133\">Svatba B\u00e1ry a \u010c\u00e1ry<\/a>\u00a0(!)<\/li>\n<li><a href=\"http:\/\/www.fkarta.cz\/?p=3129\">Jarn\u00ed voda 2013 &#8211; Vltava<\/a>\u00a0(!)<\/li>\n<li><a href=\"http:\/\/www.fkarta.cz\/?p=3125\">Fale\u0161n\u00fd ly\u017ee 2013<\/a>\u00a0(!)<\/li>\n<\/ul>\n<p><strong>2012<\/strong><\/p>\n<ul>\n<li><a href=\"http:\/\/www.fkarta.cz\/?p=2816\">11. V\u00edrsk\u00fd sumec a 18. Mikul\u00e1\u0161sk\u00fd trampsk\u00fd b\u00e1l<\/a><\/li>\n<li><a href=\"http:\/\/www.fkarta.cz\/?p=2836\">17. v\u00fdro\u010dn\u00ed ohe\u0148 T.O. Fale\u0161n\u00e1 karta<\/a><\/li>\n<li><a href=\"http:\/\/www.fkarta.cz\/?p=3121\">Fale\u0161n\u00e1 dovolen\u00e1 &#8211; Francie<\/a>\u00a0(!)<\/li>\n<li><a href=\"http:\/\/www.fkarta.cz\/?p=3116\">Fale\u0161n\u00e1 voda 2012 &#8211; Oh\u0159e<\/a>\u00a0(!)<\/li>\n<li><a href=\"http:\/\/www.fkarta.cz\/?p=3113\">Jarn\u00ed voda 2012\u00a0&#8211; Otava<\/a>\u00a0(!)<\/li>\n<li><a href=\"http:\/\/www.fkarta.cz\/?p=2646\">Fale\u0161n\u00fd ly\u017ee 2012<\/a><\/li>\n<li><a href=\"http:\/\/www.fkarta.cz\/?p=3110 \">Na srubu T.O. Bob\u0159i s Tempem di vlak<\/a>\u00a0(!)<\/li>\n<\/ul>\n<p><strong>2011<\/strong><\/p>\n<ul>\n<li><a href=\"http:\/\/www.fkarta.cz\/?p=2497\">10. V\u00edrsk\u00fd sumec a 17. Mikul\u00e1\u0161sk\u00fd trampsk\u00fd b\u00e1l<\/a><\/li>\n<li><a href=\"http:\/\/www.fkarta.cz\/?p=2519\">16. v\u00fdro\u010dn\u00ed ohe\u0148 T.O. Fale\u0161n\u00e1 karta<\/a><\/li>\n<li><a href=\"http:\/\/www.fkarta.cz\/?p=2564\">Fale\u0161n\u00e1 voda 2011 &#8211; Hron<\/a><\/li>\n<li><a href=\"http:\/\/www.fkarta.cz\/?p=3106\">Fale\u0161n\u00e1 dovolen\u00e1 &#8211; Francie<\/a>\u00a0(!)<\/li>\n<li><a href=\"http:\/\/www.fkarta.cz\/?p=2402\" target=\"_self\">FK v po\u0159adu &#8222;&#8230;\u017eiv\u011b&#8220; v \u010cRo Olomouc<\/a><\/li>\n<li><a href=\"http:\/\/www.fkarta.cz\/?p=2386\" target=\"_self\">Jarn\u00ed voda 2011 &#8211; Vltava<\/a><\/li>\n<li><a href=\"http:\/\/www.fkarta.cz\/?p=2250\" target=\"_self\">Fale\u0161n\u00fd ly\u017ee 2011<\/a><\/li>\n<\/ul>\n<p><strong>2010<\/strong><\/p>\n<ul>\n<li><a href=\"http:\/\/www.fkarta.cz\/?p=2189&amp;preview=true\" target=\"_self\">9. V\u00edrsk\u00fd sumec a 16. Mikul\u00e1\u0161sk\u00fd trampsk\u00fd b\u00e1l<\/a><\/li>\n<li><a href=\"http:\/\/www.fkarta.cz\/?p=2085\" target=\"_self\">15. v\u00fdro\u010dn\u00ed ohe\u0148 T.O. Fale\u0161n\u00e1 karta<\/a><\/li>\n<li><a href=\"http:\/\/www.fkarta.cz\/?p=1956\" target=\"_self\">Fale\u0161n\u00e1 voda 2010 &#8211; Berounka<\/a><\/li>\n<li><a href=\"http:\/\/www.fkarta.cz\/?p=1947\" target=\"_self\">Porta \u00dast\u00ed\u00a0+ 20. V\u00fdro\u010dn\u00ed ohe\u0148 T.O. Mufloni<\/a><\/li>\n<li><a href=\"http:\/\/www.fkarta.cz\/?p=1147\" target=\"_self\">Jarn\u00ed voda 2010 &#8211; Lu\u017enice<\/a><\/li>\n<li><a href=\"http:\/\/www.fkarta.cz\/?p=885\">Fale\u0161n\u00fd ly\u017ee 2010<\/a><\/li>\n<\/ul>\n<p><strong>2009<\/strong><\/p>\n<ul>\n<li><a title=\"8. V\u00edrsk\u00fd sumec a 15. Mikul\u00e1\u0161sk\u00fd trampsk\u00fd b\u00e1l\" href=\"http:\/\/www.fkarta.cz\/?p=105\">8. V\u00edrsk\u00fd sumec a 15. Mikul\u00e1\u0161sk\u00fd trampsk\u00fd b\u00e1l<\/a><\/li>\n<li><a href=\"http:\/\/www.fkarta.cz\/?p=850\">Podzimn\u00ed voda 2009 &#8211; Vltava<\/a><\/li>\n<li><a href=\"http:\/\/www.fkarta.cz\/?p=899\">14. v\u00fdro\u010dn\u00ed ohe\u0148 T.O. Fale\u0161n\u00e1 karta<\/a><\/li>\n<li><a href=\"http:\/\/www.fkarta.cz\/?p=909\">Fale\u0161n\u00e1 voda 2009 &#8211; S\u00e1zava<\/a><\/li>\n<li><a href=\"http:\/\/www.fkarta.cz\/?p=919\" target=\"_self\">Jarn\u00ed voda 2009 &#8211; Otava<\/a><\/li>\n<li><a title=\"Svatba Hodn\u00fdho Peti a Al\u010di \u2013 21.2.2009\" href=\"http:\/\/www.fkarta.cz\/?p=68\">Svatba Hodn\u00fdho Peti a Al\u010di<\/a><\/li>\n<li><a href=\"http:\/\/www.fkarta.cz\/?p=883\" target=\"_self\">Fale\u0161n\u00fd ly\u017ee 2009<\/a><\/li>\n<\/ul>\n<p><strong>2008<\/strong><\/p>\n<ul>\n<li><a href=\"http:\/\/www.fkarta.cz\/?p=293\">7. V\u00edrsk\u00fd sumec a 14. Mikul\u00e1\u0161sk\u00fd trampsk\u00fd b\u00e1l<\/a><\/li>\n<li><a href=\"http:\/\/www.fkarta.cz\/?p=895\" target=\"_self\">Podzimn\u00ed voda 2008 &#8211; Morava<\/a><\/li>\n<li><a href=\"http:\/\/www.fkarta.cz\/?p=384\" target=\"_self\">13. v\u00fdro\u010dn\u00ed ohe\u0148 T.O. Fale\u0161n\u00e1 karta<\/a><\/li>\n<li><a href=\"http:\/\/www.fkarta.cz\/?p=911\" target=\"_self\">Fale\u0161n\u00e1 voda 2008 &#8211; Berounka<\/a><\/li>\n<li><a href=\"http:\/\/www.fkarta.cz\/?p=921\" target=\"_self\">Jarn\u00ed voda 2008 &#8211; Otava<\/a><\/li>\n<li><a href=\"http:\/\/www.fkarta.cz\/?p=881\" target=\"_self\">Fale\u0161n\u00fd ly\u017ee 2008<\/a><\/li>\n<\/ul>\n<p>&nbsp;<\/td>\n<td style=\"vertical-align: top;\"><strong>2007<\/strong><\/p>\n<ul>\n<li><a href=\"http:\/\/www.fkarta.cz\/?p=887\" target=\"_self\">6. V\u00edrsk\u00fd sumec a 13. Mikul\u00e1\u0161sk\u00fd trampsk\u00fd b\u00e1l<\/a><\/li>\n<li><a href=\"http:\/\/www.fkarta.cz\/?p=1083\" target=\"_self\">Podzimn\u00ed voda 2007 &#8211; Orlice<\/a><\/li>\n<li><a href=\"http:\/\/www.fkarta.cz\/?p=901\" target=\"_self\">12. v\u00fdro\u010dn\u00ed ohe\u0148 T.O. Fale\u0161n\u00e1 karta<\/a><\/li>\n<li><a href=\"http:\/\/www.fkarta.cz\/?p=913\" target=\"_self\">Fale\u0161n\u00e1 voda 2007 &#8211; Oh\u0159e<\/a><\/li>\n<li><a href=\"http:\/\/www.fkarta.cz\/?p=879\" target=\"_self\">Fale\u0161n\u00fd ly\u017ee 2007<\/a><\/li>\n<\/ul>\n<p><strong>2006<\/strong><\/p>\n<ul>\n<li><a href=\"http:\/\/www.fkarta.cz\/?p=889\" target=\"_self\">5. V\u00edrsk\u00fd sumec a 12. Mikul\u00e1\u0161sk\u00fd trampsk\u00fd b\u00e1l<\/a><\/li>\n<li><a href=\"http:\/\/www.fkarta.cz\/?p=903\" target=\"_self\">11. v\u00fdro\u010dn\u00ed ohe\u0148 T.O. Fale\u0161n\u00e1 karta<\/a><\/li>\n<li><a href=\"Potlach na Kan\u010d\u00ed louce\" target=\"_self\">Potlach na Kan\u010d\u00ed louce<\/a><\/li>\n<li><a href=\"http:\/\/www.fkarta.cz\/?p=915\" target=\"_self\">Fale\u0161n\u00e1 voda 2006 &#8211; Hron<\/a><\/li>\n<li><a href=\"http:\/\/www.fkarta.cz\/?p=877\" target=\"_self\">Fale\u0161n\u00fd ly\u017ee 2006<\/a><\/li>\n<\/ul>\n<p><strong>2005<\/strong><\/p>\n<ul>\n<li><a href=\"http:\/\/www.fkarta.cz\/?p=891\" target=\"_self\">4. V\u00edrsk\u00fd sumec a 11. Mikul\u00e1\u0161sk\u00fd trampsk\u00fd b\u00e1l<\/a><\/li>\n<li><a href=\" http:\/\/www.fkarta.cz\/?p=905\" target=\"_self\">10. v\u00fdro\u010dn\u00ed ohe\u0148 T.O. Fale\u0161n\u00e1 karta<\/a><\/li>\n<li><a href=\"http:\/\/www.fkarta.cz\/?p=907\" target=\"_self\">10. v\u00fdro\u010dn\u00ed ohe\u0148 T.O. Fale\u0161n\u00e1 karta na Mohelnick\u00e9m dostavn\u00edku<\/a><\/li>\n<li><a href=\"http:\/\/www.fkarta.cz\/?p=897\" target=\"_self\">Podzimn\u00ed voda &#8211; Hron<\/a><\/li>\n<li><a href=\"http:\/\/www.fkarta.cz\/?p=917\" target=\"_self\">Fale\u0161n\u00e1 voda 2005 &#8211; Lu\u017enice<\/a><\/li>\n<li><a href=\"http:\/\/www.fkarta.cz\/?p=98\" target=\"_self\">Vandr na Bobr\u016fvku 2<\/a><\/li>\n<li><a href=\"http:\/\/www.fkarta.cz\/?p=110\" target=\"_self\">Vandr na Bobr\u016fvku 1<\/a><\/li>\n<li><a href=\"http:\/\/www.fkarta.cz\/?p=122\" target=\"_self\">Fale\u0161n\u00fd ly\u017ee 2005<\/a><\/li>\n<\/ul>\n<p><strong>2004<\/strong><\/p>\n<ul>\n<li><a href=\"http:\/\/www.fkarta.cz\/?p=133\" target=\"_self\">3. V\u00edrsk\u00fd sumec a 10. Mikul\u00e1\u0161sk\u00fd trampsk\u00fd b\u00e1l<\/a><\/li>\n<li><a href=\"http:\/\/www.fkarta.cz\/?p=312\" target=\"_self\">9. v\u00fdro\u010dn\u00ed ohe\u0148 T.O. Fale\u0161n\u00e1 karta<\/a><\/li>\n<li><a href=\"http:\/\/www.fkarta.cz\/?p=318\" target=\"_self\">Fale\u0161n\u00e1 voda 2004 &#8211; Otava<\/a><\/li>\n<li><a href=\"http:\/\/www.fkarta.cz\/?p=2132\" target=\"_self\">Zahrada 2004<\/a><\/li>\n<li><a href=\"http:\/\/www.fkarta.cz\/?p=451\" target=\"_self\">Slunovrat 2004 &#8211; Pardubice<\/a><\/li>\n<li><a href=\"http:\/\/www.fkarta.cz\/?p=457\" target=\"_self\">Vandr do Host\u00fdnsk\u00fdch hor<\/a><\/li>\n<li><a href=\"http:\/\/www.fkarta.cz\/?p=468\" target=\"_self\">Fale\u0161n\u00fd ly\u017ee 2004<\/a><\/li>\n<\/ul>\n<p><strong>2003<\/strong><\/p>\n<ul>\n<li><a href=\"http:\/\/www.fkarta.cz\/?p=508\" target=\"_self\">2. V\u00edrsk\u00fd sumec a 9. Mikul\u00e1\u0161sk\u00fd trampsk\u00fd b\u00e1l<\/a><\/li>\n<li><a href=\"http:\/\/www.fkarta.cz\/?p=594\" target=\"_self\">Svatba Mildy a Weveru\u0161ky<\/a><\/li>\n<li><a href=\"http:\/\/www.fkarta.cz\/?p=599\" target=\"_self\">8. v\u00fdro\u010dn\u00ed ohe\u0148 T.O. Fale\u0161n\u00e1 karta<\/a><\/li>\n<li><a href=\"http:\/\/www.fkarta.cz\/?p=605\" target=\"_self\">10. \u010ceskoslovensk\u00fd potlach<\/a><\/li>\n<li><a href=\"http:\/\/www.fkarta.cz\/?p=615\" target=\"_self\">Fale\u0161n\u00e1 voda 2003 &#8211; Vltava<\/a><\/li>\n<li><a href=\"http:\/\/www.fkarta.cz\/?p=621\" target=\"_self\">Fin\u00e1le Trampsk\u00e9 porty 2003 &#8211; \u00dast\u00ed nad Labem<\/a><\/li>\n<li><a href=\"http:\/\/www.fkarta.cz\/?p=1526\" target=\"_self\">K\u0159est CD &#8222;Kamar\u00e1d\u016fm&#8230;&#8220; &#8211; Nedv\u011bdice<\/a><\/li>\n<li><a href=\"http:\/\/www.fkarta.cz\/?p=1534\" target=\"_self\">K\u0159est CD &#8222;Kamar\u00e1d\u016fm&#8230;&#8220; &#8211; Praha<\/a><\/li>\n<li><a href=\"http:\/\/www.fkarta.cz\/?p=1548\" target=\"_self\">P\u0159edk\u0159est CD &#8222;Kamar\u00e1d\u016fm&#8230;&#8220; &#8211; Padochov<\/a><\/li>\n<li><a href=\"http:\/\/www.fkarta.cz\/?p=626\" target=\"_self\">Velkej vandr 2003 &#8211; \u010cesk\u00e1 kanada<\/a><\/li>\n<li><a href=\"http:\/\/www.fkarta.cz\/?p=631\" target=\"_self\">Fale\u0161n\u00fd ly\u017ee 2003<\/a><\/li>\n<\/ul>\n<p><strong>2002<\/strong><\/p>\n<ul>\n<li><a href=\"http:\/\/www.fkarta.cz\/?p=1515\" target=\"_self\">Nat\u00e1\u010den\u00ed CD &#8222;Kamar\u00e1d\u016fm&#8230;&#8220;<\/a><\/li>\n<li><a href=\"http:\/\/www.fkarta.cz\/?p=362\" target=\"_self\">1. V\u00edrsk\u00fd sumec a 8. Mikul\u00e1\u0161sk\u00fd trampsk\u00fd b\u00e1l<\/a><\/li>\n<li><a href=\"http:\/\/www.fkarta.cz\/?p=758\" target=\"_self\">7. v\u00fdro\u010dn\u00ed ohe\u0148 T.O. Fale\u0161n\u00e1 karta<\/a><\/li>\n<li><a href=\"http:\/\/www.fkarta.cz\/?p=773\" target=\"_self\">Fale\u0161n\u00e1 voda 2002 &#8211; S\u00e1zava<\/a><\/li>\n<li><a href=\"http:\/\/www.fkarta.cz\/?p=792\" target=\"_self\">Trampsk\u00e1 nota 2002<\/a><\/li>\n<li><a href=\"http:\/\/www.fkarta.cz\/?p=798\" target=\"_self\">24 hodin Le Mans<\/a><\/li>\n<li><a href=\"http:\/\/www.fkarta.cz\/?p=806\" target=\"_self\">N\u00e1v\u0161t\u011bva u kamar\u00e1d\u016f FTP-Horn\u00ed Jelen\u00ed v Mlad\u010di<\/a><\/li>\n<li><a href=\"http:\/\/www.fkarta.cz\/?p=812\" target=\"_self\">Fale\u0161n\u00fd ly\u017ee 2002<\/a><\/li>\n<\/ul>\n<p><strong>2001<\/strong><\/p>\n<ul>\n<li><a href=\"http:\/\/www.fkarta.cz\/?p=817\" target=\"_self\">0. V\u00edrsk\u00fd sumec\u00a0 &amp;\u00a07. Mikul\u00e1\u0161sk\u00fd trampsk\u00fd b\u00e1l<\/a><\/li>\n<li><a href=\"http:\/\/www.fkarta.cz\/?p=830\" target=\"_self\">6. v\u00fdro\u010dn\u00ed ohe\u0148 T.O. Fale\u0161n\u00e1 karta<\/a><\/li>\n<li><a href=\"http:\/\/www.fkarta.cz\/?p=841\" target=\"_self\">Fale\u0161n\u00e1 voda 2001 &#8211; Berounka<\/a><\/li>\n<li><a href=\"http:\/\/www.fkarta.cz\/?p=144\" target=\"_self\">25. narozeniny Mildy a Vlas\u0165\u00e1ka<\/a><\/li>\n<li><a href=\"http:\/\/www.fkarta.cz\/?p=173\" target=\"_self\">Velkej vandr 2001+ Potlach T.O. THOMPSONOVI VLCI<\/a><\/li>\n<li><a href=\"http:\/\/www.fkarta.cz\/?p=343\" target=\"_self\">Wab\u00e1rny 2001<\/a><\/li>\n<li><a href=\"http:\/\/www.fkarta.cz\/?p=352\" target=\"_self\">Fale\u0161n\u00fd ly\u017ee 2001<\/a><\/li>\n<\/ul>\n<p><strong>2000<\/strong><\/p>\n<ul>\n<li><a href=\"http:\/\/www.fkarta.cz\/?p=392\" target=\"_self\">6. Mikul\u00e1\u0161sk\u00fd trampsk\u00fd b\u00e1l<\/a><\/li>\n<li><a href=\"http:\/\/www.fkarta.cz\/?p=410\" target=\"_self\">D\u017euskobran\u00ed 2000<\/a><\/li>\n<li><a href=\"http:\/\/www.fkarta.cz\/?p=424\" target=\"_self\">5. v\u00fdro\u010dn\u00ed ohe\u0148 T.O. Fale\u0161n\u00e1 karta<\/a><\/li>\n<li><a href=\"http:\/\/www.fkarta.cz\/?p=684\" target=\"_self\">Slovensko-\u010desk\u00fd potlach 2000<\/a><\/li>\n<li><a href=\"http:\/\/www.fkarta.cz\/?p=666\" target=\"_self\">Fale\u0161n\u00fd mo\u0159e 2000<\/a><\/li>\n<li><a href=\"http:\/\/www.fkarta.cz\/?p=691\" target=\"_blank\">10. v\u00fdro\u010dn\u00ed ohe\u0148 T.O. Mufloni<\/a><\/li>\n<li><a href=\"http:\/\/www.fkarta.cz\/?p=702\" target=\"_self\">Potlach na Kan\u010d\u00ed louce &#8211; svatba Drobka a Tati\u00e1ny<\/a><\/li>\n<li><a href=\"http:\/\/www.fkarta.cz\/?p=727\" target=\"_self\">Fale\u0161n\u00e1 voda 2000 &#8211; Oh\u0159e<\/a><\/li>\n<li><a href=\"http:\/\/www.fkarta.cz\/?p=719\" target=\"_self\">N\u00edzk\u00e9 Tatry<\/a><\/li>\n<li><a href=\"http:\/\/www.fkarta.cz\/?p=709\" target=\"_self\">39. Narozeniny &#8211; Tonda<\/a><\/li>\n<li><a href=\"http:\/\/www.fkarta.cz\/?p=750\" target=\"_self\">Boleradice 2000<\/a><\/li>\n<li><a href=\"http:\/\/www.fkarta.cz\/?p=743\" target=\"_self\">Fale\u0161n\u00fd ly\u017ee 2000<\/a><\/li>\n<\/ul>\n<p><strong>1999<\/strong><\/p>\n<ul>\n<li><a href=\"http:\/\/www.fkarta.cz\/?p=493\" target=\"_self\">4. v\u00fdro\u010dn\u00ed ohe\u0148 T.O. Fale\u0161n\u00e1 karta<\/a><\/li>\n<li><a href=\"http:\/\/www.fkarta.cz\/?p=642\" target=\"_self\">Fale\u0161n\u00e1 voda 1999 &#8211; Lu\u017enice<\/a><\/li>\n<li><a href=\"http:\/\/www.fkarta.cz\/?p=579\" target=\"_self\">Fale\u0161n\u00fd mo\u0159e 1999<\/a><\/li>\n<li><a href=\"http:\/\/www.fkarta.cz\/?p=527\" target=\"_self\">Osadn\u00ed narozeniny<\/a><\/li>\n<li><a href=\"http:\/\/www.fkarta.cz\/?p=567\" target=\"_self\">D\u017euzkobran\u00ed 1999<\/a><\/li>\n<li><a href=\"http:\/\/www.fkarta.cz\/?p=550\" target=\"_self\">Boleradice 1999<\/a><\/li>\n<li><a href=\"http:\/\/www.fkarta.cz\/?p=538\" target=\"_self\">5. Mikul\u00e1\u0161sk\u00fd trampsk\u00fd b\u00e1l<\/a><\/li>\n<li><a href=\"http:\/\/www.fkarta.cz\/?p=517\" target=\"_self\">Trampsk\u00e9 v\u00e1noce Na\u017eidla<\/a><\/li>\n<\/ul>\n<p><strong>1998<\/strong><\/p>\n<ul>\n<li><a href=\"http:\/\/www.fkarta.cz\/?p=475\" target=\"_self\">3. v\u00fdro\u010dn\u00ed ohe\u0148 T.O. Fale\u0161n\u00e1 karta<\/a><\/li>\n<li><a href=\"http:\/\/www.fkarta.cz\/?p=442\" target=\"_self\">Boleradice 1998<\/a><\/li>\n<\/ul>\n<p><strong>1997<\/strong><\/p>\n<ul>\n<li><a href=\"http:\/\/www.fkarta.cz\/?p=1983\" target=\"_self\">Hal\u00ed\u0159ovy 24. narozeniny<\/a><\/li>\n<\/ul>\n<p><strong>1996<\/strong><\/p>\n<ul>\n<li><a href=\"http:\/\/www.fkarta.cz\/?p=2014\" target=\"_self\">D\u017euskobran\u00ed 1996<\/a><\/li>\n<\/ul>\n<p><strong>1995<\/strong><\/p>\n<ul>\n<li><a href=\"http:\/\/www.fkarta.cz\/?p=2058\" target=\"_self\">5. V\u00fdro\u010dn\u00ed ohe\u0148 T.O. Mufloni<\/a><\/li>\n<li><a href=\"http:\/\/www.fkarta.cz\/?p=2020\" target=\"_self\">10. Ole\u0161nick\u00e1 kytka<\/a><\/li>\n<\/ul>\n<p><strong>PRAV\u011aK FALE\u0160N\u00c9 KARTY<\/strong><\/p>\n<ul>\n<li><a href=\"http:\/\/www.fkarta.cz\/?p=2037\" target=\"_self\">Vltava<\/a><\/li>\n<li><a href=\"http:\/\/www.fkarta.cz\/?p=2048\" target=\"_self\">Krvavej vandr a veget na V\u00edru<\/a><\/li>\n<li><a href=\"http:\/\/www.fkarta.cz\/?p=2070\" target=\"_self\">Akce na V\u00edru<\/a><\/li>\n<\/ul>\n<\/td>\n<\/tr>\n<\/tbody>\n<\/table>\n","protected":false},"excerpt":{"rendered":"<p>2021 Fale\u0161nej V\u00edr v Budislavi Hudba z tramp\u00edria &#8211; Lucerna 26. v\u00fdro\u010dn\u00ed ohe\u0148 T.O. Fale\u0161n\u00e1 karta Koncert v Toulovcov\u00fdch ma\u0161tal\u00edch Fale\u0161n\u00e1 voda 2021 &#8211; Oh\u0159e Jarn\u00ed voda 2021 &#8211; S\u00e1zava 2020 Po\u010dertovsk\u00e9 muzic\u00edrov\u00e1n\u00ed 25. v\u00fdro\u010dn\u00ed ohe\u0148 T.O. Fale\u0161n\u00e1 karta Fale\u0161n\u00e1 voda 2020 &#8211; S\u00e1zava Jarn\u00ed voda 2020 &#8211; Lu\u017enice Fale\u0161n\u00fd ly\u017ee 2020 2019 18. V\u00edrsk\u00fd [&hellip;]<\/p>\n","protected":false},"author":3,"featured_media":0,"parent":0,"menu_order":40,"comment_status":"closed","ping_status":"closed","template":"","meta":{"ngg_post_thumbnail":0,"footnotes":""},"class_list":["post-93","page","type-page","status-publish","hentry"],"_links":{"self":[{"href":"https:\/\/www.fkarta.cz\/index.php?rest_route=\/wp\/v2\/pages\/93","targetHints":{"allow":["GET"]}}],"collection":[{"href":"https:\/\/www.fkarta.cz\/index.php?rest_route=\/wp\/v2\/pages"}],"about":[{"href":"https:\/\/www.fkarta.cz\/index.php?rest_route=\/wp\/v2\/types\/page"}],"author":[{"embeddable":true,"href":"https:\/\/www.fkarta.cz\/index.php?rest_route=\/wp\/v2\/users\/3"}],"replies":[{"embeddable":true,"href":"https:\/\/www.fkarta.cz\/index.php?rest_route=%2Fwp%2Fv2%2Fcomments&post=93"}],"version-history":[{"count":180,"href":"https:\/\/www.fkarta.cz\/index.php?rest_route=\/wp\/v2\/pages\/93\/revisions"}],"predecessor-version":[{"id":3831,"href":"https:\/\/www.fkarta.cz\/index.php?rest_route=\/wp\/v2\/pages\/93\/revisions\/3831"}],"wp:attachment":[{"href":"https:\/\/www.fkarta.cz\/index.php?rest_route=%2Fwp%2Fv2%2Fmedia&parent=93"}],"curies":[{"name":"wp","href":"https:\/\/api.w.org\/{rel}","templated":true}]}}